{"id":102,"date":"2023-06-21T14:15:54","date_gmt":"2023-06-21T14:15:54","guid":{"rendered":"https:\/\/endoplus.com.tr\/?page_id=102"},"modified":"2025-12-10T12:44:01","modified_gmt":"2025-12-10T12:44:01","slug":"pedo-plus","status":"publish","type":"page","link":"https:\/\/endoplus.com.tr\/?page_id=102","title":{"rendered":"Pedo Plus"},"content":{"rendered":"\n<p class=\"has-text-align-center\"><strong>ENDOPLUS PEDO PLUS KANAL E\u011eES\u0130<\/strong><\/p>\n\n\n\n<figure class=\"wp-block-image aligncenter size-large is-resized\"><img loading=\"lazy\" decoding=\"async\" width=\"1024\" height=\"987\" src=\"http:\/\/endoplus.com.tr\/wp-content\/uploads\/2025\/12\/pedoplus-1024x987.jpg\" alt=\"\" class=\"wp-image-190\" style=\"aspect-ratio:1.0374984002388976;width:661px;height:auto\" srcset=\"https:\/\/endoplus.com.tr\/wp-content\/uploads\/2025\/12\/pedoplus-1024x987.jpg 1024w, https:\/\/endoplus.com.tr\/wp-content\/uploads\/2025\/12\/pedoplus-300x289.jpg 300w, https:\/\/endoplus.com.tr\/wp-content\/uploads\/2025\/12\/pedoplus-768x740.jpg 768w, https:\/\/endoplus.com.tr\/wp-content\/uploads\/2025\/12\/pedoplus.jpg 1038w\" sizes=\"auto, (max-width: 1024px) 100vw, 1024px\" \/><\/figure>\n\n\n\n<p><strong>Is\u0131l \u0130\u015flem Se\u00e7ene\u011fi:\u00a0<\/strong>Gold-Blue (13\/17mm)<br><strong>Type:\u00a0<\/strong>Rotary<br><strong>Paketleme:<\/strong>\u00a06&#8217;l\u0131 Sorti &#8211; Asorti E\u011fe<br><strong>\u00d6zellikler:<\/strong>\u00a0Ba\u015flang\u0131\u00e7 E\u011fesi 13 mm<br><strong>*\u00a0<\/strong>S\u00fct di\u015fleri i\u00e7in \u00fcretilmi\u015f \u00f6zel e\u011fe<\/p>\n\n\n\n<div class=\"wp-block-buttons is-layout-flex wp-block-buttons-is-layout-flex\">\n<div class=\"wp-block-button\"><a class=\"wp-block-button__link wp-element-button\" href=\"https:\/\/www.dentalshop.com.tr\/endoplus-pedo-plus-gold-asort%C4%B0-17-mm-kanal-ees%C4%B0-pmu733\">sat\u0131n al<\/a><\/div>\n<\/div>\n","protected":false},"excerpt":{"rendered":"<p>ENDOPLUS PEDO PLUS KANAL E\u011eES\u0130 Is\u0131l \u0130\u015flem Se\u00e7ene\u011fi:\u00a0Gold-Blue (13\/17mm)Type:\u00a0RotaryPaketleme:\u00a06&#8217;l\u0131 Sorti &#8211; Asorti E\u011fe\u00d6zellikler:\u00a0Ba\u015flang\u0131\u00e7 E\u011fesi 13 mm*\u00a0S\u00fct di\u015fleri i\u00e7in \u00fcretilmi\u015f \u00f6zel e\u011fe<\/p>\n","protected":false},"author":1,"featured_media":0,"parent":0,"menu_order":0,"comment_status":"closed","ping_status":"closed","template":"","meta":{"footnotes":""},"class_list":["post-102","page","type-page","status-publish","hentry"],"_links":{"self":[{"href":"https:\/\/endoplus.com.tr\/index.php?rest_route=\/wp\/v2\/pages\/102","targetHints":{"allow":["GET"]}}],"collection":[{"href":"https:\/\/endoplus.com.tr\/index.php?rest_route=\/wp\/v2\/pages"}],"about":[{"href":"https:\/\/endoplus.com.tr\/index.php?rest_route=\/wp\/v2\/types\/page"}],"author":[{"embeddable":true,"href":"https:\/\/endoplus.com.tr\/index.php?rest_route=\/wp\/v2\/users\/1"}],"replies":[{"embeddable":true,"href":"https:\/\/endoplus.com.tr\/index.php?rest_route=%2Fwp%2Fv2%2Fcomments&post=102"}],"version-history":[{"count":3,"href":"https:\/\/endoplus.com.tr\/index.php?rest_route=\/wp\/v2\/pages\/102\/revisions"}],"predecessor-version":[{"id":193,"href":"https:\/\/endoplus.com.tr\/index.php?rest_route=\/wp\/v2\/pages\/102\/revisions\/193"}],"wp:attachment":[{"href":"https:\/\/endoplus.com.tr\/index.php?rest_route=%2Fwp%2Fv2%2Fmedia&parent=102"}],"curies":[{"name":"wp","href":"https:\/\/api.w.org\/{rel}","templated":true}]}}