{"id":106,"date":"2023-06-21T14:16:26","date_gmt":"2023-06-21T14:16:26","guid":{"rendered":"https:\/\/endoplus.com.tr\/?page_id=106"},"modified":"2025-12-10T12:58:53","modified_gmt":"2025-12-10T12:58:53","slug":"path-plus","status":"publish","type":"page","link":"https:\/\/endoplus.com.tr\/?page_id=106","title":{"rendered":"Path Plus"},"content":{"rendered":"\n<p class=\"has-text-align-center\"><strong>ENDOPLUS PATH PLUS S\u0130LVER KANAL E\u011eES\u0130<\/strong><\/p>\n\n\n\n<figure class=\"wp-block-image aligncenter size-full is-resized\"><img loading=\"lazy\" decoding=\"async\" width=\"715\" height=\"844\" src=\"http:\/\/endoplus.com.tr\/wp-content\/uploads\/2025\/12\/pathplus.jpg\" alt=\"\" class=\"wp-image-195\" style=\"aspect-ratio:0.8471702581103481;width:477px;height:auto\" srcset=\"https:\/\/endoplus.com.tr\/wp-content\/uploads\/2025\/12\/pathplus.jpg 715w, https:\/\/endoplus.com.tr\/wp-content\/uploads\/2025\/12\/pathplus-254x300.jpg 254w\" sizes=\"auto, (max-width: 715px) 100vw, 715px\" \/><\/figure>\n\n\n\n<p><strong>Is\u0131l \u0130\u015flem Se\u00e7ene\u011fi:<\/strong>&nbsp;Silver-Gold-Blue&nbsp;(21\/25\/31mm)<br><br><strong>Type:&nbsp;<\/strong>Rotary (250 Rpm 1,5-2 Ncm)<br><br><strong>Paketleme:&nbsp;<\/strong>3&#8217;l\u00fc ve 6&#8217;l\u0131 Sorti &#8211; Asorti<br><br><strong>E\u011fe \u00d6zellikler:&nbsp;<\/strong>\u00d6zel ve zor kanallar i\u00e7in giri\u015f e\u011fesi<\/p>\n\n\n\n<div class=\"wp-block-buttons is-layout-flex wp-block-buttons-is-layout-flex\">\n<div class=\"wp-block-button\"><a class=\"wp-block-button__link wp-element-button\" href=\"https:\/\/www.dentalshop.com.tr\/endo-plus-path-plus-silver-kanal-egesi\">sat\u0131n al<\/a><\/div>\n<\/div>\n\n\n\n<p><\/p>\n","protected":false},"excerpt":{"rendered":"<p>ENDOPLUS PATH PLUS S\u0130LVER KANAL E\u011eES\u0130 Is\u0131l \u0130\u015flem Se\u00e7ene\u011fi:&nbsp;Silver-Gold-Blue&nbsp;(21\/25\/31mm) Type:&nbsp;Rotary (250 Rpm 1,5-2 Ncm) Paketleme:&nbsp;3&#8217;l\u00fc ve 6&#8217;l\u0131 Sorti &#8211; Asorti E\u011fe \u00d6zellikler:&nbsp;\u00d6zel ve zor kanallar i\u00e7in giri\u015f e\u011fesi<\/p>\n","protected":false},"author":1,"featured_media":0,"parent":0,"menu_order":0,"comment_status":"closed","ping_status":"closed","template":"","meta":{"footnotes":""},"class_list":["post-106","page","type-page","status-publish","hentry"],"_links":{"self":[{"href":"https:\/\/endoplus.com.tr\/index.php?rest_route=\/wp\/v2\/pages\/106","targetHints":{"allow":["GET"]}}],"collection":[{"href":"https:\/\/endoplus.com.tr\/index.php?rest_route=\/wp\/v2\/pages"}],"about":[{"href":"https:\/\/endoplus.com.tr\/index.php?rest_route=\/wp\/v2\/types\/page"}],"author":[{"embeddable":true,"href":"https:\/\/endoplus.com.tr\/index.php?rest_route=\/wp\/v2\/users\/1"}],"replies":[{"embeddable":true,"href":"https:\/\/endoplus.com.tr\/index.php?rest_route=%2Fwp%2Fv2%2Fcomments&post=106"}],"version-history":[{"count":2,"href":"https:\/\/endoplus.com.tr\/index.php?rest_route=\/wp\/v2\/pages\/106\/revisions"}],"predecessor-version":[{"id":196,"href":"https:\/\/endoplus.com.tr\/index.php?rest_route=\/wp\/v2\/pages\/106\/revisions\/196"}],"wp:attachment":[{"href":"https:\/\/endoplus.com.tr\/index.php?rest_route=%2Fwp%2Fv2%2Fmedia&parent=106"}],"curies":[{"name":"wp","href":"https:\/\/api.w.org\/{rel}","templated":true}]}}