{"id":110,"date":"2023-06-21T14:16:59","date_gmt":"2023-06-21T14:16:59","guid":{"rendered":"https:\/\/endoplus.com.tr\/?page_id=110"},"modified":"2025-12-10T13:04:04","modified_gmt":"2025-12-10T13:04:04","slug":"universal-plus","status":"publish","type":"page","link":"https:\/\/endoplus.com.tr\/?page_id=110","title":{"rendered":"Universal Plus"},"content":{"rendered":"\n<p class=\"has-text-align-center\"><strong>ENDOPLUS UNIVERSAL PLUS KANAL E\u011eES\u0130<\/strong><\/p>\n\n\n\n<figure class=\"wp-block-image aligncenter size-full is-resized\"><img loading=\"lazy\" decoding=\"async\" width=\"973\" height=\"962\" src=\"http:\/\/endoplus.com.tr\/wp-content\/uploads\/2025\/12\/universalplus.jpg\" alt=\"\" class=\"wp-image-197\" style=\"aspect-ratio:1.0114579217700514;width:660px;height:auto\" srcset=\"https:\/\/endoplus.com.tr\/wp-content\/uploads\/2025\/12\/universalplus.jpg 973w, https:\/\/endoplus.com.tr\/wp-content\/uploads\/2025\/12\/universalplus-300x297.jpg 300w, https:\/\/endoplus.com.tr\/wp-content\/uploads\/2025\/12\/universalplus-768x759.jpg 768w\" sizes=\"auto, (max-width: 973px) 100vw, 973px\" \/><\/figure>\n\n\n\n<p><strong>Is\u0131l \u0130\u015flem Se\u00e7ene\u011fi:\u00a0<\/strong>Silver-Gold-Blue (19\/21\/25\/31mm)<br><strong>Tip:\u00a0<\/strong>Rotary<br><strong>\u00d6zellikler :\u00a0<\/strong>\u015eekillendirme:SX,S1,S2    Bitirme: F1,F2,F3,F4,F5<br><strong>Ambalajlama:<\/strong>\u00a0(Blister&#8217;da 6 adet) 8 farkl\u0131 sorti, 1 Asorti<\/p>\n\n\n\n<div class=\"wp-block-buttons is-layout-flex wp-block-buttons-is-layout-flex\">\n<div class=\"wp-block-button\"><a class=\"wp-block-button__link wp-element-button\" href=\"https:\/\/www.dentalshop.com.tr\/endo-plus-universal-plus-silver-kanal-egesi\">sat\u0131n al<\/a><\/div>\n<\/div>\n\n\n\n<p><\/p>\n","protected":false},"excerpt":{"rendered":"<p>ENDOPLUS UNIVERSAL PLUS KANAL E\u011eES\u0130 Is\u0131l \u0130\u015flem Se\u00e7ene\u011fi:\u00a0Silver-Gold-Blue (19\/21\/25\/31mm)Tip:\u00a0Rotary\u00d6zellikler :\u00a0\u015eekillendirme:SX,S1,S2 Bitirme: F1,F2,F3,F4,F5Ambalajlama:\u00a0(Blister&#8217;da 6 adet) 8 farkl\u0131 sorti, 1 Asorti<\/p>\n","protected":false},"author":1,"featured_media":0,"parent":0,"menu_order":0,"comment_status":"closed","ping_status":"closed","template":"","meta":{"footnotes":""},"class_list":["post-110","page","type-page","status-publish","hentry"],"_links":{"self":[{"href":"https:\/\/endoplus.com.tr\/index.php?rest_route=\/wp\/v2\/pages\/110","targetHints":{"allow":["GET"]}}],"collection":[{"href":"https:\/\/endoplus.com.tr\/index.php?rest_route=\/wp\/v2\/pages"}],"about":[{"href":"https:\/\/endoplus.com.tr\/index.php?rest_route=\/wp\/v2\/types\/page"}],"author":[{"embeddable":true,"href":"https:\/\/endoplus.com.tr\/index.php?rest_route=\/wp\/v2\/users\/1"}],"replies":[{"embeddable":true,"href":"https:\/\/endoplus.com.tr\/index.php?rest_route=%2Fwp%2Fv2%2Fcomments&post=110"}],"version-history":[{"count":3,"href":"https:\/\/endoplus.com.tr\/index.php?rest_route=\/wp\/v2\/pages\/110\/revisions"}],"predecessor-version":[{"id":200,"href":"https:\/\/endoplus.com.tr\/index.php?rest_route=\/wp\/v2\/pages\/110\/revisions\/200"}],"wp:attachment":[{"href":"https:\/\/endoplus.com.tr\/index.php?rest_route=%2Fwp%2Fv2%2Fmedia&parent=110"}],"curies":[{"name":"wp","href":"https:\/\/api.w.org\/{rel}","templated":true}]}}