{"id":121,"date":"2023-07-07T11:02:01","date_gmt":"2023-07-07T11:02:01","guid":{"rendered":"https:\/\/endoplus.com.tr\/?page_id=121"},"modified":"2023-07-07T11:02:02","modified_gmt":"2023-07-07T11:02:02","slug":"kalite-politikamiz","status":"publish","type":"page","link":"https:\/\/endoplus.com.tr\/?page_id=121","title":{"rendered":"Kalite Politikam\u0131z"},"content":{"rendered":"\n<p><strong><u>\u00d6ZEL TURKUAZ SA\u011eLIK H\u0130ZMETLER\u0130 SANAY\u0130 T\u0130CARET LTD. \u015eT\u0130., WITH AN APPROACH THAT DOESN&#8217;T COMPROMISE ON QUALITY\/ <\/u><\/strong>\u00d6ZEL TURKUAZ SA\u011eLIK H\u0130ZMETLER\u0130 SANAY\u0130 T\u0130CARET LTD. \u015eT\u0130.<em> KAL\u0130TEDEN \u00d6D\u00dcN VERMEYEN B\u0130R ANLAYI\u015eLA<\/em><em>;<\/em><strong><u><\/u><\/strong><\/p>\n\n\n\n<ul class=\"wp-block-list\">\n<li><strong>The purpose of the company is to meet the needs and expectations of our customers by constantly improving their Quality Management activities. In accordance with this purpose;\/<\/strong><em>Firmam\u0131z\u0131n amac\u0131 Kalite Y\u00f6netim faaliyetlerini s\u00fcrekli iyile\u015ftirerek, m\u00fc\u015fterilerimizin ihtiya\u00e7 ve beklentilerini kar\u015f\u0131lamakt\u0131r. Bu amaca uygun olarak;<\/em><strong><\/strong><\/li>\n\n\n\n<li><strong>&nbsp;To prioritize the health and safety of patients, practitioners, users and third parties\/<\/strong><em>Hastalar\u0131n, uygulay\u0131c\u0131lar\u0131n, kullan\u0131c\u0131lar\u0131n ve \u00fc\u00e7\u00fcnc\u00fc \u015fah\u0131slar\u0131n sa\u011fl\u0131k ve g\u00fcvenli\u011fini \u00f6n planda tutmak,<\/em><strong><\/strong><\/li>\n\n\n\n<li><strong>To provide the necessary safety and performance requirements in endodontic canal file products,<\/strong>\/ Firmam\u0131z endodontik kanal e\u011fesi \u00fcr\u00fcnlerinde s\u00fcrekli olarak gerekli g\u00fcvenlik ve performans gereksinimlerini sa\u011flamak,<\/li>\n\n\n\n<li><strong>To provide the necessary safety and performance requirements in a constantly safe environment for Endodontic Canal File products,\/<\/strong> Endodontik Kanal E\u011fesi \u00fcr\u00fcnlerinde s\u00fcrekli olarak g\u00fcvenli bir ortamda, gerekli g\u00fcvenlik ve performans gereksinimlerini sa\u011flamak,<\/li>\n\n\n\n<li><strong>To adopt customer satisfaction as a principle\/<\/strong><em>M\u00fc\u015fteri memnuniyetini ilke olarak benimsemek<\/em>,<\/li>\n\n\n\n<li><strong>To maintain the effectiveness of the quality management system by complying with the determined national and regional legislation<\/strong>,\/<em>Belirlenmi\u015f milli ve b\u00f6lgesel mevzuat \u015fartlar\u0131na uyarak kalite y\u00f6netim sisteminin etkinli\u011fini s\u00fcrd\u00fcrmek,<\/em><\/li>\n\n\n\n<li><strong>To ensure the continuous training of all our employees and their participation in the system,\/<\/strong><em>T\u00fcm \u00e7al\u0131\u015fanlar\u0131m\u0131z\u0131n s\u00fcrekli e\u011fitimi ve sisteme kat\u0131l\u0131mlar\u0131n\u0131 sa\u011flamak,<\/em><\/li>\n\n\n\n<li><strong>To ensure continuous improvement in quality and efficiency<\/strong>\/<em>Kalite ve verimlilik konular\u0131nda s\u00fcrekli geli\u015fmeyi sa\u011flamak,<\/em><\/li>\n\n\n\n<li><strong>Regarding the Development and Implementation of the Quality Management System; By Implementing a Risk-Focused Approach, Fulfilling the Requirements of the Quality Management System and Maintaining it Completely and Effectively, Commitment to Communicate to Our Company&#8217;s Employees, Including Legal and Legislative Conditions, the Fulfillment of Customer Conditions<\/strong>\/<em>Kalite Y\u00f6netim Sisteminin Geli\u015ftirilmesine ve Uygulanmas\u0131na \u0130li\u015fkin; Risk Odakl\u0131 Yakla\u015f\u0131m\u0131 Uygulayarak, Kalite Y\u00f6netim Sisteminin Gerekliliklerini Yerine Getirip, Eksiksiz ve Etkili S\u00fcrd\u00fcrerek, Firmam\u0131z \u00c7al\u0131\u015fanlar\u0131na, Yasal \u015eartlar ve Mevzuat \u015eartlar\u0131 Da D\u00e2hil Olmak \u00dczere, M\u00fc\u015fteri \u015eartlar\u0131n\u0131n Da Yerine Getirilmesini \u0130letmeyi Taahh\u00fct Ederek<\/em><\/li>\n\n\n\n<li><strong>Ensuring the Establishment and Review of Quality Objectives<\/strong>\/<em>Kalite Hedeflerinin Olu\u015fturulmas\u0131n\u0131 ve g\u00f6zden ge\u00e7irilmesini sa\u011flayarak<strong><\/strong><\/em><\/li>\n\n\n\n<li><strong><u>&nbsp;IT HAS ADOPT BEING A WANTED, SUCCESSFUL AND RELIABLE CORPORATION AS ITS QUALITY POLICY.\/<\/u><\/strong><strong><\/strong><\/li>\n<\/ul>\n\n\n\n<p><em><u>ARANILAN, BA\u015eARILI VE G\u00dcVEN\u0130L\u0130R B\u0130R KURUM OLMAYI KAL\u0130TE POL\u0130T\u0130KASI OLARAK BEN\u0130MSEM\u0130\u015eT\u0130R.<\/u><\/em><em><\/em><\/p>\n","protected":false},"excerpt":{"rendered":"<p>\u00d6ZEL TURKUAZ SA\u011eLIK H\u0130ZMETLER\u0130 SANAY\u0130 T\u0130CARET LTD. \u015eT\u0130., WITH AN APPROACH THAT DOESN&#8217;T COMPROMISE ON QUALITY\/ \u00d6ZEL TURKUAZ SA\u011eLIK H\u0130ZMETLER\u0130 SANAY\u0130 T\u0130CARET LTD. \u015eT\u0130. KAL\u0130TEDEN \u00d6D\u00dcN VERMEYEN B\u0130R ANLAYI\u015eLA; ARANILAN, BA\u015eARILI VE G\u00dcVEN\u0130L\u0130R B\u0130R KURUM OLMAYI KAL\u0130TE POL\u0130T\u0130KASI OLARAK BEN\u0130MSEM\u0130\u015eT\u0130R.<\/p>\n","protected":false},"author":1,"featured_media":0,"parent":0,"menu_order":0,"comment_status":"closed","ping_status":"closed","template":"","meta":{"footnotes":""},"class_list":["post-121","page","type-page","status-publish","hentry"],"_links":{"self":[{"href":"https:\/\/endoplus.com.tr\/index.php?rest_route=\/wp\/v2\/pages\/121","targetHints":{"allow":["GET"]}}],"collection":[{"href":"https:\/\/endoplus.com.tr\/index.php?rest_route=\/wp\/v2\/pages"}],"about":[{"href":"https:\/\/endoplus.com.tr\/index.php?rest_route=\/wp\/v2\/types\/page"}],"author":[{"embeddable":true,"href":"https:\/\/endoplus.com.tr\/index.php?rest_route=\/wp\/v2\/users\/1"}],"replies":[{"embeddable":true,"href":"https:\/\/endoplus.com.tr\/index.php?rest_route=%2Fwp%2Fv2%2Fcomments&post=121"}],"version-history":[{"count":1,"href":"https:\/\/endoplus.com.tr\/index.php?rest_route=\/wp\/v2\/pages\/121\/revisions"}],"predecessor-version":[{"id":122,"href":"https:\/\/endoplus.com.tr\/index.php?rest_route=\/wp\/v2\/pages\/121\/revisions\/122"}],"wp:attachment":[{"href":"https:\/\/endoplus.com.tr\/index.php?rest_route=%2Fwp%2Fv2%2Fmedia&parent=121"}],"curies":[{"name":"wp","href":"https:\/\/api.w.org\/{rel}","templated":true}]}}