{"id":76,"date":"2023-06-21T14:09:44","date_gmt":"2023-06-21T14:09:44","guid":{"rendered":"https:\/\/endoplus.com.tr\/?page_id=76"},"modified":"2025-12-10T11:47:00","modified_gmt":"2025-12-10T11:47:00","slug":"flex-plus","status":"publish","type":"page","link":"https:\/\/endoplus.com.tr\/?page_id=76","title":{"rendered":"Flex Plus"},"content":{"rendered":"\n<p class=\"has-text-align-center\"><strong>ENDOPLUS FLEXPLUS 10-35\/04 BLUE 21 MM &nbsp;KANAL E\u011eES\u0130<\/strong><\/p>\n\n\n\n<figure class=\"wp-block-image size-large is-resized\"><img loading=\"lazy\" decoding=\"async\" width=\"1024\" height=\"1024\" src=\"https:\/\/endoplus.com.tr\/wp-content\/uploads\/2023\/08\/WhatsApp-Image-2023-08-01-at-01.02.56-3-1024x1024.jpeg\" alt=\"\" class=\"wp-image-146\" style=\"width:757px;height:757px\" srcset=\"https:\/\/endoplus.com.tr\/wp-content\/uploads\/2023\/08\/WhatsApp-Image-2023-08-01-at-01.02.56-3-1024x1024.jpeg 1024w, https:\/\/endoplus.com.tr\/wp-content\/uploads\/2023\/08\/WhatsApp-Image-2023-08-01-at-01.02.56-3-300x300.jpeg 300w, https:\/\/endoplus.com.tr\/wp-content\/uploads\/2023\/08\/WhatsApp-Image-2023-08-01-at-01.02.56-3-150x150.jpeg 150w, https:\/\/endoplus.com.tr\/wp-content\/uploads\/2023\/08\/WhatsApp-Image-2023-08-01-at-01.02.56-3-768x768.jpeg 768w, https:\/\/endoplus.com.tr\/wp-content\/uploads\/2023\/08\/WhatsApp-Image-2023-08-01-at-01.02.56-3.jpeg 1080w\" sizes=\"auto, (max-width: 1024px) 100vw, 1024px\" \/><\/figure>\n\n\n\n<p class=\"has-text-align-left\"><strong>Is\u0131l \u0130\u015flem Se\u00e7ene\u011fi:<\/strong>&nbsp;Silver-Gold-Blue (21\/25\/31mm)<\/p>\n\n\n\n<p class=\"has-text-align-left\"><strong>Type:<\/strong>&nbsp;Rotary<br><strong>Paketleme:<\/strong>&nbsp;4&#8217;l\u00fc ve 6&#8217;l\u0131 Sorti-Asorti E\u011fe<br><strong>\u00d6zellikler:<\/strong>&nbsp;Kontrol Haf\u0131zas\u0131<\/p>\n\n\n\n<div class=\"wp-block-buttons is-layout-flex wp-block-buttons-is-layout-flex\">\n<div class=\"wp-block-button\"><a class=\"wp-block-button__link wp-element-button\" href=\"https:\/\/www.dentalshop.com.tr\/endo-plus-flex-plus-silver-kanal-egesi1\">sat\u0131n al<\/a><\/div>\n<\/div>\n\n\n\n<p class=\"has-text-align-left\"><\/p>\n\n\n\n<p><\/p>\n","protected":false},"excerpt":{"rendered":"<p>ENDOPLUS FLEXPLUS 10-35\/04 BLUE 21 MM &nbsp;KANAL E\u011eES\u0130 Is\u0131l \u0130\u015flem Se\u00e7ene\u011fi:&nbsp;Silver-Gold-Blue (21\/25\/31mm) Type:&nbsp;RotaryPaketleme:&nbsp;4&#8217;l\u00fc ve 6&#8217;l\u0131 Sorti-Asorti E\u011fe\u00d6zellikler:&nbsp;Kontrol Haf\u0131zas\u0131<\/p>\n","protected":false},"author":1,"featured_media":0,"parent":0,"menu_order":0,"comment_status":"closed","ping_status":"closed","template":"","meta":{"footnotes":""},"class_list":["post-76","page","type-page","status-publish","hentry"],"_links":{"self":[{"href":"https:\/\/endoplus.com.tr\/index.php?rest_route=\/wp\/v2\/pages\/76","targetHints":{"allow":["GET"]}}],"collection":[{"href":"https:\/\/endoplus.com.tr\/index.php?rest_route=\/wp\/v2\/pages"}],"about":[{"href":"https:\/\/endoplus.com.tr\/index.php?rest_route=\/wp\/v2\/types\/page"}],"author":[{"embeddable":true,"href":"https:\/\/endoplus.com.tr\/index.php?rest_route=\/wp\/v2\/users\/1"}],"replies":[{"embeddable":true,"href":"https:\/\/endoplus.com.tr\/index.php?rest_route=%2Fwp%2Fv2%2Fcomments&post=76"}],"version-history":[{"count":7,"href":"https:\/\/endoplus.com.tr\/index.php?rest_route=\/wp\/v2\/pages\/76\/revisions"}],"predecessor-version":[{"id":171,"href":"https:\/\/endoplus.com.tr\/index.php?rest_route=\/wp\/v2\/pages\/76\/revisions\/171"}],"wp:attachment":[{"href":"https:\/\/endoplus.com.tr\/index.php?rest_route=%2Fwp%2Fv2%2Fmedia&parent=76"}],"curies":[{"name":"wp","href":"https:\/\/api.w.org\/{rel}","templated":true}]}}