{"id":80,"date":"2023-06-21T14:10:56","date_gmt":"2023-06-21T14:10:56","guid":{"rendered":"https:\/\/endoplus.com.tr\/?page_id=80"},"modified":"2025-12-10T11:47:55","modified_gmt":"2025-12-10T11:47:55","slug":"one-plus","status":"publish","type":"page","link":"https:\/\/endoplus.com.tr\/?page_id=80","title":{"rendered":"One Plus"},"content":{"rendered":"\n<p class=\"has-text-align-center\"><strong>ENDO PLUS ONE PLUS GOLD KANAL E\u011eES\u0130&nbsp;<\/strong><\/p>\n\n\n\n<figure class=\"wp-block-image aligncenter size-full is-resized\"><img loading=\"lazy\" decoding=\"async\" width=\"860\" height=\"950\" src=\"http:\/\/endoplus.com.tr\/wp-content\/uploads\/2025\/12\/oneplus.jpg\" alt=\"\" class=\"wp-image-169\" style=\"aspect-ratio:0.8922167487684729;width:518px;height:auto\" srcset=\"https:\/\/endoplus.com.tr\/wp-content\/uploads\/2025\/12\/oneplus.jpg 860w, https:\/\/endoplus.com.tr\/wp-content\/uploads\/2025\/12\/oneplus-272x300.jpg 272w, https:\/\/endoplus.com.tr\/wp-content\/uploads\/2025\/12\/oneplus-768x848.jpg 768w\" sizes=\"auto, (max-width: 860px) 100vw, 860px\" \/><\/figure>\n\n\n\n<div class=\"wp-block-columns is-layout-flex wp-container-core-columns-is-layout-28f84493 wp-block-columns-is-layout-flex\">\n<div class=\"wp-block-column is-layout-flow wp-block-column-is-layout-flow\" style=\"flex-basis:100%\">\n<div class=\"wp-block-group is-vertical is-layout-flex wp-container-core-group-is-layout-fe9cc265 wp-block-group-is-layout-flex\">\n<p><strong>Is\u0131l \u0130\u015flem Se\u00e7ene\u011fi:<\/strong> Silver-Gold-Blue<\/p>\n\n\n\n<p><strong>Type:&nbsp;<\/strong>300 Rpm 1,5-2Ncm(Reciprocating)&nbsp;<\/p>\n\n\n\n<p><strong>Paketleme:\u00a0<\/strong>3&#8217;l\u00fc ve 6&#8217;l\u0131 Sorti-Asorti E\u011fe<\/p>\n\n\n\n<p><strong>\u00d6zellikler:<\/strong>\u00a0Reciprocal tek e\u011fe sistemi<\/p>\n<\/div>\n<\/div>\n<\/div>\n\n\n\n<div class=\"wp-block-buttons is-layout-flex wp-block-buttons-is-layout-flex\">\n<div class=\"wp-block-button\"><a class=\"wp-block-button__link wp-element-button\" href=\"https:\/\/www.dentalshop.com.tr\/endo-plus-one-plus-gold-kanal-ees%C4%B0-pmu732\">Sat\u0131n al<\/a><\/div>\n<\/div>\n\n\n\n<p><\/p>\n","protected":false},"excerpt":{"rendered":"<p>ENDO PLUS ONE PLUS GOLD KANAL E\u011eES\u0130&nbsp; Is\u0131l \u0130\u015flem Se\u00e7ene\u011fi: Silver-Gold-Blue Type:&nbsp;300 Rpm 1,5-2Ncm(Reciprocating)&nbsp; Paketleme:\u00a03&#8217;l\u00fc ve 6&#8217;l\u0131 Sorti-Asorti E\u011fe \u00d6zellikler:\u00a0Reciprocal tek e\u011fe sistemi<\/p>\n","protected":false},"author":1,"featured_media":0,"parent":0,"menu_order":0,"comment_status":"closed","ping_status":"closed","template":"","meta":{"footnotes":""},"class_list":["post-80","page","type-page","status-publish","hentry"],"_links":{"self":[{"href":"https:\/\/endoplus.com.tr\/index.php?rest_route=\/wp\/v2\/pages\/80","targetHints":{"allow":["GET"]}}],"collection":[{"href":"https:\/\/endoplus.com.tr\/index.php?rest_route=\/wp\/v2\/pages"}],"about":[{"href":"https:\/\/endoplus.com.tr\/index.php?rest_route=\/wp\/v2\/types\/page"}],"author":[{"embeddable":true,"href":"https:\/\/endoplus.com.tr\/index.php?rest_route=\/wp\/v2\/users\/1"}],"replies":[{"embeddable":true,"href":"https:\/\/endoplus.com.tr\/index.php?rest_route=%2Fwp%2Fv2%2Fcomments&post=80"}],"version-history":[{"count":3,"href":"https:\/\/endoplus.com.tr\/index.php?rest_route=\/wp\/v2\/pages\/80\/revisions"}],"predecessor-version":[{"id":172,"href":"https:\/\/endoplus.com.tr\/index.php?rest_route=\/wp\/v2\/pages\/80\/revisions\/172"}],"wp:attachment":[{"href":"https:\/\/endoplus.com.tr\/index.php?rest_route=%2Fwp%2Fv2%2Fmedia&parent=80"}],"curies":[{"name":"wp","href":"https:\/\/api.w.org\/{rel}","templated":true}]}}