{"id":84,"date":"2023-06-21T14:11:47","date_gmt":"2023-06-21T14:11:47","guid":{"rendered":"https:\/\/endoplus.com.tr\/?page_id=84"},"modified":"2025-12-10T11:56:08","modified_gmt":"2025-12-10T11:56:08","slug":"next-plus","status":"publish","type":"page","link":"https:\/\/endoplus.com.tr\/?page_id=84","title":{"rendered":"Next Plus"},"content":{"rendered":"\n<p class=\"has-text-align-center\"><strong>ENDOPLUS NEXT PLUS GOLD KANAL E\u011eES\u0130<\/strong><\/p>\n\n\n\n<figure class=\"wp-block-image aligncenter size-full is-resized\"><img loading=\"lazy\" decoding=\"async\" width=\"900\" height=\"940\" src=\"http:\/\/endoplus.com.tr\/wp-content\/uploads\/2025\/12\/nexplus.jpg\" alt=\"\" class=\"wp-image-173\" style=\"aspect-ratio:0.9574614672939509;width:641px;height:auto\" srcset=\"https:\/\/endoplus.com.tr\/wp-content\/uploads\/2025\/12\/nexplus.jpg 900w, https:\/\/endoplus.com.tr\/wp-content\/uploads\/2025\/12\/nexplus-287x300.jpg 287w, https:\/\/endoplus.com.tr\/wp-content\/uploads\/2025\/12\/nexplus-768x802.jpg 768w\" sizes=\"auto, (max-width: 900px) 100vw, 900px\" \/><\/figure>\n\n\n\n<p class=\"has-text-align-left\">Protaper NEXT model e\u011femiz, Protaper sisteminin en yeni ke\u015ffidir.<\/p>\n\n\n\n<p class=\"has-text-align-left\">Uzun y\u0131llar Protaper Universal ile endodonti&nbsp;de alt\u0131n standard\u0131 yakalayan sistem, Protaper Next ile bunu bir ad\u0131m daha ileriye ta\u015f\u0131m\u0131\u015ft\u0131r.&nbsp;<br><br>\u2022&nbsp; &nbsp;Arka di\u015flere daha iyi ula\u015f\u0131m ve g\u00f6r\u00fc\u015f i\u00e7in 11mm sap<br>\u2022&nbsp; &nbsp;U\u00e7 k\u0131sm\u0131ndaki benzersiz merkez kare kesit ve bu kesit ile y\u0131lan benzeri d\u00f6n\u00fc\u015f hareketi<br>\u2022&nbsp; &nbsp;Kanal i\u00e7inde e\u011fenin daha iyi merkezlenmesi&nbsp;<br>\u2022&nbsp; &nbsp;D\u00f6ng\u00fcsel metal yorgunlu\u011funa daha fazla diren\u00e7 ve elastikiyet&nbsp;<\/p>\n\n\n\n<div class=\"wp-block-buttons is-layout-flex wp-block-buttons-is-layout-flex\">\n<div class=\"wp-block-button\"><a class=\"wp-block-button__link wp-element-button\" href=\"https:\/\/www.dentalshop.com.tr\/endo-plus-next-plus-gold-kanal-egesi\">sat\u0131n al<\/a><\/div>\n<\/div>\n","protected":false},"excerpt":{"rendered":"<p>ENDOPLUS NEXT PLUS GOLD KANAL E\u011eES\u0130 Protaper NEXT model e\u011femiz, Protaper sisteminin en yeni ke\u015ffidir. Uzun y\u0131llar Protaper Universal ile endodonti&nbsp;de alt\u0131n standard\u0131 yakalayan sistem, Protaper Next ile bunu bir ad\u0131m daha ileriye ta\u015f\u0131m\u0131\u015ft\u0131r.&nbsp; \u2022&nbsp; &nbsp;Arka di\u015flere daha iyi ula\u015f\u0131m ve g\u00f6r\u00fc\u015f i\u00e7in 11mm sap\u2022&nbsp; &nbsp;U\u00e7 k\u0131sm\u0131ndaki benzersiz merkez kare kesit ve bu kesit ile [&hellip;]<\/p>\n","protected":false},"author":1,"featured_media":0,"parent":0,"menu_order":0,"comment_status":"closed","ping_status":"closed","template":"","meta":{"footnotes":""},"class_list":["post-84","page","type-page","status-publish","hentry"],"_links":{"self":[{"href":"https:\/\/endoplus.com.tr\/index.php?rest_route=\/wp\/v2\/pages\/84","targetHints":{"allow":["GET"]}}],"collection":[{"href":"https:\/\/endoplus.com.tr\/index.php?rest_route=\/wp\/v2\/pages"}],"about":[{"href":"https:\/\/endoplus.com.tr\/index.php?rest_route=\/wp\/v2\/types\/page"}],"author":[{"embeddable":true,"href":"https:\/\/endoplus.com.tr\/index.php?rest_route=\/wp\/v2\/users\/1"}],"replies":[{"embeddable":true,"href":"https:\/\/endoplus.com.tr\/index.php?rest_route=%2Fwp%2Fv2%2Fcomments&post=84"}],"version-history":[{"count":2,"href":"https:\/\/endoplus.com.tr\/index.php?rest_route=\/wp\/v2\/pages\/84\/revisions"}],"predecessor-version":[{"id":175,"href":"https:\/\/endoplus.com.tr\/index.php?rest_route=\/wp\/v2\/pages\/84\/revisions\/175"}],"wp:attachment":[{"href":"https:\/\/endoplus.com.tr\/index.php?rest_route=%2Fwp%2Fv2%2Fmedia&parent=84"}],"curies":[{"name":"wp","href":"https:\/\/api.w.org\/{rel}","templated":true}]}}