{"id":87,"date":"2023-06-21T14:12:14","date_gmt":"2023-06-21T14:12:14","guid":{"rendered":"https:\/\/endoplus.com.tr\/?page_id=87"},"modified":"2025-12-10T12:03:03","modified_gmt":"2025-12-10T12:03:03","slug":"rotate-plus","status":"publish","type":"page","link":"https:\/\/endoplus.com.tr\/?page_id=87","title":{"rendered":"Rotate Plus"},"content":{"rendered":"\n<p class=\"has-text-align-center\"><strong>ENDOPLUS ROTATE PLUS BLUE KANAL E\u011eES\u0130<\/strong><\/p>\n\n\n\n<figure class=\"wp-block-image aligncenter size-full is-resized\"><img loading=\"lazy\" decoding=\"async\" width=\"846\" height=\"928\" src=\"http:\/\/endoplus.com.tr\/wp-content\/uploads\/2025\/12\/rotateplus.jpg\" alt=\"\" class=\"wp-image-176\" style=\"aspect-ratio:0.9116467368894553;width:602px;height:auto\" srcset=\"https:\/\/endoplus.com.tr\/wp-content\/uploads\/2025\/12\/rotateplus.jpg 846w, https:\/\/endoplus.com.tr\/wp-content\/uploads\/2025\/12\/rotateplus-273x300.jpg 273w, https:\/\/endoplus.com.tr\/wp-content\/uploads\/2025\/12\/rotateplus-768x842.jpg 768w\" sizes=\"auto, (max-width: 846px) 100vw, 846px\" \/><\/figure>\n\n\n\n<p class=\"has-text-align-left\">3\u2019l\u00fc basit dizilim ve baz\u0131 klinik vakalar i\u00e7in daha geni\u015f e\u011feler&nbsp;<\/p>\n\n\n\n<p>DO\u011eAL K\u00d6K KANAL ANATOM\u0130S\u0130NE SAYGILI<\/p>\n\n\n\n<p>E\u011feler, \u00f6zel \u0131s\u0131l i\u015flemleri sayesinde kesicili\u011finden hi\u00e7bir \u015fey kaybetmeden \u00e7ok daha esnek bir \u015fekilde do\u011fal kanal anatomisini g\u00fcvenli bir bi\u00e7imde \u015fekillendirir.<\/p>\n\n\n\n<p>Adapte \u201cS\u201d kesim, g\u00fcvenli ve etkin debris at\u0131\u015f\u0131 i\u00e7in daha geni\u015f alan ve e\u011fe kontrol\u00fc sa\u011flar.t\u00a0<\/p>\n\n\n\n<div class=\"wp-block-buttons is-layout-flex wp-block-buttons-is-layout-flex\">\n<div class=\"wp-block-button\"><a class=\"wp-block-button__link wp-element-button\" href=\"https:\/\/www.dentalshop.com.tr\/endo-plus-rotate-plus-gold-kanal-egesi\">sat\u0131n al<\/a><\/div>\n<\/div>\n\n\n\n<p><\/p>\n","protected":false},"excerpt":{"rendered":"<p>ENDOPLUS ROTATE PLUS BLUE KANAL E\u011eES\u0130 3\u2019l\u00fc basit dizilim ve baz\u0131 klinik vakalar i\u00e7in daha geni\u015f e\u011feler&nbsp; DO\u011eAL K\u00d6K KANAL ANATOM\u0130S\u0130NE SAYGILI E\u011feler, \u00f6zel \u0131s\u0131l i\u015flemleri sayesinde kesicili\u011finden hi\u00e7bir \u015fey kaybetmeden \u00e7ok daha esnek bir \u015fekilde do\u011fal kanal anatomisini g\u00fcvenli bir bi\u00e7imde \u015fekillendirir. Adapte \u201cS\u201d kesim, g\u00fcvenli ve etkin debris at\u0131\u015f\u0131 i\u00e7in daha geni\u015f alan [&hellip;]<\/p>\n","protected":false},"author":1,"featured_media":0,"parent":0,"menu_order":0,"comment_status":"closed","ping_status":"closed","template":"","meta":{"footnotes":""},"class_list":["post-87","page","type-page","status-publish","hentry"],"_links":{"self":[{"href":"https:\/\/endoplus.com.tr\/index.php?rest_route=\/wp\/v2\/pages\/87","targetHints":{"allow":["GET"]}}],"collection":[{"href":"https:\/\/endoplus.com.tr\/index.php?rest_route=\/wp\/v2\/pages"}],"about":[{"href":"https:\/\/endoplus.com.tr\/index.php?rest_route=\/wp\/v2\/types\/page"}],"author":[{"embeddable":true,"href":"https:\/\/endoplus.com.tr\/index.php?rest_route=\/wp\/v2\/users\/1"}],"replies":[{"embeddable":true,"href":"https:\/\/endoplus.com.tr\/index.php?rest_route=%2Fwp%2Fv2%2Fcomments&post=87"}],"version-history":[{"count":3,"href":"https:\/\/endoplus.com.tr\/index.php?rest_route=\/wp\/v2\/pages\/87\/revisions"}],"predecessor-version":[{"id":179,"href":"https:\/\/endoplus.com.tr\/index.php?rest_route=\/wp\/v2\/pages\/87\/revisions\/179"}],"wp:attachment":[{"href":"https:\/\/endoplus.com.tr\/index.php?rest_route=%2Fwp%2Fv2%2Fmedia&parent=87"}],"curies":[{"name":"wp","href":"https:\/\/api.w.org\/{rel}","templated":true}]}}