{"id":95,"date":"2023-06-21T14:14:46","date_gmt":"2023-06-21T14:14:46","guid":{"rendered":"https:\/\/endoplus.com.tr\/?page_id=95"},"modified":"2025-12-10T12:25:14","modified_gmt":"2025-12-10T12:25:14","slug":"narrow-plus","status":"publish","type":"page","link":"https:\/\/endoplus.com.tr\/?page_id=95","title":{"rendered":"Narrow Plus"},"content":{"rendered":"\n<p class=\"has-text-align-center\"><strong>ENDOPLUS NARROW PLUS KANAL E\u011eES\u0130<\/strong><\/p>\n\n\n\n<figure class=\"wp-block-image aligncenter size-full is-resized\"><img loading=\"lazy\" decoding=\"async\" width=\"816\" height=\"988\" src=\"http:\/\/endoplus.com.tr\/wp-content\/uploads\/2025\/12\/narrowPLUS.jpg\" alt=\"\" class=\"wp-image-184\" style=\"aspect-ratio:0.8259186307138491;width:641px;height:auto\" srcset=\"https:\/\/endoplus.com.tr\/wp-content\/uploads\/2025\/12\/narrowPLUS.jpg 816w, https:\/\/endoplus.com.tr\/wp-content\/uploads\/2025\/12\/narrowPLUS-248x300.jpg 248w, https:\/\/endoplus.com.tr\/wp-content\/uploads\/2025\/12\/narrowPLUS-768x930.jpg 768w\" sizes=\"auto, (max-width: 816px) 100vw, 816px\" \/><\/figure>\n\n\n\n<p><strong>Is\u0131l \u0130\u015flem Se\u00e7ene\u011fi:&nbsp;<\/strong>Silver-Gold-Blue (21\/25\/31mm)<\/p>\n\n\n\n<p><strong>Type:&nbsp;<\/strong>Rotary (250 Rpm 1,5-2 Ncm)<\/p>\n\n\n\n<p><strong>Paketleme:&nbsp;<\/strong>4 Sorti ve Asorti E\u011fe<\/p>\n\n\n\n<p><strong>\u00d6zellikler:<\/strong>&nbsp;Kontrol Haf\u0131zas\u0131<\/p>\n\n\n\n<div class=\"wp-block-buttons is-layout-flex wp-block-buttons-is-layout-flex\">\n<div class=\"wp-block-button\"><a class=\"wp-block-button__link wp-element-button\" href=\"https:\/\/www.dentalshop.com.tr\/endo-plus-narrow-plus-gold-kanal-egesi\">SATIN AL<\/a><\/div>\n<\/div>\n","protected":false},"excerpt":{"rendered":"<p>ENDOPLUS NARROW PLUS KANAL E\u011eES\u0130 Is\u0131l \u0130\u015flem Se\u00e7ene\u011fi:&nbsp;Silver-Gold-Blue (21\/25\/31mm) Type:&nbsp;Rotary (250 Rpm 1,5-2 Ncm) Paketleme:&nbsp;4 Sorti ve Asorti E\u011fe \u00d6zellikler:&nbsp;Kontrol Haf\u0131zas\u0131<\/p>\n","protected":false},"author":1,"featured_media":0,"parent":0,"menu_order":0,"comment_status":"closed","ping_status":"closed","template":"","meta":{"footnotes":""},"class_list":["post-95","page","type-page","status-publish","hentry"],"_links":{"self":[{"href":"https:\/\/endoplus.com.tr\/index.php?rest_route=\/wp\/v2\/pages\/95","targetHints":{"allow":["GET"]}}],"collection":[{"href":"https:\/\/endoplus.com.tr\/index.php?rest_route=\/wp\/v2\/pages"}],"about":[{"href":"https:\/\/endoplus.com.tr\/index.php?rest_route=\/wp\/v2\/types\/page"}],"author":[{"embeddable":true,"href":"https:\/\/endoplus.com.tr\/index.php?rest_route=\/wp\/v2\/users\/1"}],"replies":[{"embeddable":true,"href":"https:\/\/endoplus.com.tr\/index.php?rest_route=%2Fwp%2Fv2%2Fcomments&post=95"}],"version-history":[{"count":2,"href":"https:\/\/endoplus.com.tr\/index.php?rest_route=\/wp\/v2\/pages\/95\/revisions"}],"predecessor-version":[{"id":186,"href":"https:\/\/endoplus.com.tr\/index.php?rest_route=\/wp\/v2\/pages\/95\/revisions\/186"}],"wp:attachment":[{"href":"https:\/\/endoplus.com.tr\/index.php?rest_route=%2Fwp%2Fv2%2Fmedia&parent=95"}],"curies":[{"name":"wp","href":"https:\/\/api.w.org\/{rel}","templated":true}]}}