{"id":99,"date":"2023-06-21T14:15:21","date_gmt":"2023-06-21T14:15:21","guid":{"rendered":"https:\/\/endoplus.com.tr\/?page_id=99"},"modified":"2025-12-10T12:30:27","modified_gmt":"2025-12-10T12:30:27","slug":"retro-plus","status":"publish","type":"page","link":"https:\/\/endoplus.com.tr\/?page_id=99","title":{"rendered":"Retro Plus"},"content":{"rendered":"\n<p class=\"has-text-align-center\"><strong>ENDOPLUS RETRO PLUS S\u0130LVER KANAL E\u011eES\u0130<\/strong><\/p>\n\n\n\n<figure class=\"wp-block-image aligncenter size-large\"><img loading=\"lazy\" decoding=\"async\" width=\"1024\" height=\"839\" src=\"http:\/\/endoplus.com.tr\/wp-content\/uploads\/2025\/12\/retroolus-1024x839.jpg\" alt=\"\" class=\"wp-image-188\" srcset=\"https:\/\/endoplus.com.tr\/wp-content\/uploads\/2025\/12\/retroolus-1024x839.jpg 1024w, https:\/\/endoplus.com.tr\/wp-content\/uploads\/2025\/12\/retroolus-300x246.jpg 300w, https:\/\/endoplus.com.tr\/wp-content\/uploads\/2025\/12\/retroolus-768x629.jpg 768w, https:\/\/endoplus.com.tr\/wp-content\/uploads\/2025\/12\/retroolus.jpg 1204w\" sizes=\"auto, (max-width: 1024px) 100vw, 1024px\" \/><\/figure>\n\n\n\n<p><strong>Is\u0131l \u0130\u015flem Se\u00e7ene\u011fi:<\/strong>\u00a0Silver-Gold (D1:16mm\/D2:18mm\/D3:22mm)<\/p>\n\n\n\n<p><strong>Type:&nbsp;<\/strong>Rotary (150\u00b0 Aktif 30\u00b0 Pasif)<\/p>\n\n\n\n<p><strong>Paketleme:&nbsp;<\/strong>3&#8217;l\u00fc ve 6&#8217;l\u0131 Sorti &#8211; Asorti E\u011fe<\/p>\n\n\n\n<p><strong>\u00d6zellikler:<\/strong>&nbsp;Kanal Yenileme E\u011fesi<\/p>\n\n\n\n<div class=\"wp-block-buttons is-layout-flex wp-block-buttons-is-layout-flex\">\n<div class=\"wp-block-button\"><a class=\"wp-block-button__link wp-element-button\" href=\"https:\/\/www.dentalshop.com.tr\/endo-plus-retro-plus-silver-kanal-egesi\">sat\u0131n al<\/a><\/div>\n<\/div>\n","protected":false},"excerpt":{"rendered":"<p>ENDOPLUS RETRO PLUS S\u0130LVER KANAL E\u011eES\u0130 Is\u0131l \u0130\u015flem Se\u00e7ene\u011fi:\u00a0Silver-Gold (D1:16mm\/D2:18mm\/D3:22mm) Type:&nbsp;Rotary (150\u00b0 Aktif 30\u00b0 Pasif) Paketleme:&nbsp;3&#8217;l\u00fc ve 6&#8217;l\u0131 Sorti &#8211; Asorti E\u011fe \u00d6zellikler:&nbsp;Kanal Yenileme E\u011fesi<\/p>\n","protected":false},"author":1,"featured_media":0,"parent":0,"menu_order":0,"comment_status":"closed","ping_status":"closed","template":"","meta":{"footnotes":""},"class_list":["post-99","page","type-page","status-publish","hentry"],"_links":{"self":[{"href":"https:\/\/endoplus.com.tr\/index.php?rest_route=\/wp\/v2\/pages\/99","targetHints":{"allow":["GET"]}}],"collection":[{"href":"https:\/\/endoplus.com.tr\/index.php?rest_route=\/wp\/v2\/pages"}],"about":[{"href":"https:\/\/endoplus.com.tr\/index.php?rest_route=\/wp\/v2\/types\/page"}],"author":[{"embeddable":true,"href":"https:\/\/endoplus.com.tr\/index.php?rest_route=\/wp\/v2\/users\/1"}],"replies":[{"embeddable":true,"href":"https:\/\/endoplus.com.tr\/index.php?rest_route=%2Fwp%2Fv2%2Fcomments&post=99"}],"version-history":[{"count":2,"href":"https:\/\/endoplus.com.tr\/index.php?rest_route=\/wp\/v2\/pages\/99\/revisions"}],"predecessor-version":[{"id":189,"href":"https:\/\/endoplus.com.tr\/index.php?rest_route=\/wp\/v2\/pages\/99\/revisions\/189"}],"wp:attachment":[{"href":"https:\/\/endoplus.com.tr\/index.php?rest_route=%2Fwp%2Fv2%2Fmedia&parent=99"}],"curies":[{"name":"wp","href":"https:\/\/api.w.org\/{rel}","templated":true}]}}